{"id":122,"date":"2024-01-01T16:31:02","date_gmt":"2024-01-01T19:31:02","guid":{"rendered":"https:\/\/oncologia360.com.br\/?elementor_library=services"},"modified":"2024-01-02T14:39:40","modified_gmt":"2024-01-02T17:39:40","slug":"nossa-historia","status":"publish","type":"page","link":"https:\/\/oncologia360.com.br\/index.php\/nossa-historia\/","title":{"rendered":"Nossa Hist\u00f3ria"},"content":{"rendered":"\t\t<div data-elementor-type=\"page\" data-elementor-id=\"122\" class=\"elementor elementor-122\" data-elementor-post-type=\"page\">\n\t\t\t\t\t\t\t\t\t<section class=\"elementor-section elementor-top-section elementor-element elementor-element-2e1a6df elementor-section-height-min-height elementor-section-content-middle elementor-reverse-mobile elementor-section-boxed elementor-section-height-default elementor-section-items-middle\" data-id=\"2e1a6df\" data-element_type=\"section\" data-settings=\"{&quot;background_background&quot;:&quot;classic&quot;}\">\n\t\t\t\t\t\t<div class=\"elementor-container elementor-column-gap-no\">\n\t\t\t\t\t<div class=\"elementor-column elementor-col-50 elementor-top-column elementor-element elementor-element-0f29587\" data-id=\"0f29587\" data-element_type=\"column\">\n\t\t\t<div class=\"elementor-widget-wrap elementor-element-populated\">\n\t\t\t\t\t\t\t\t<div class=\"elementor-element elementor-element-92c7b9d elementor-widget elementor-widget-heading\" data-id=\"92c7b9d\" data-element_type=\"widget\" data-widget_type=\"heading.default\">\n\t\t\t\t<div class=\"elementor-widget-container\">\n\t\t\t<style>\/*! elementor - v3.18.0 - 08-12-2023 *\/\n.elementor-heading-title{padding:0;margin:0;line-height:1}.elementor-widget-heading .elementor-heading-title[class*=elementor-size-]>a{color:inherit;font-size:inherit;line-height:inherit}.elementor-widget-heading .elementor-heading-title.elementor-size-small{font-size:15px}.elementor-widget-heading .elementor-heading-title.elementor-size-medium{font-size:19px}.elementor-widget-heading .elementor-heading-title.elementor-size-large{font-size:29px}.elementor-widget-heading .elementor-heading-title.elementor-size-xl{font-size:39px}.elementor-widget-heading .elementor-heading-title.elementor-size-xxl{font-size:59px}<\/style><h2 class=\"elementor-heading-title elementor-size-default\">Nossa Hist\u00f3ria<\/h2>\t\t<\/div>\n\t\t\t\t<\/div>\n\t\t\t\t<div class=\"elementor-element elementor-element-e611b3f elementor-widget elementor-widget-text-editor\" data-id=\"e611b3f\" data-element_type=\"widget\" data-widget_type=\"text-editor.default\">\n\t\t\t\t<div class=\"elementor-widget-container\">\n\t\t\t<style>\/*! elementor - v3.18.0 - 08-12-2023 *\/\n.elementor-widget-text-editor.elementor-drop-cap-view-stacked .elementor-drop-cap{background-color:#69727d;color:#fff}.elementor-widget-text-editor.elementor-drop-cap-view-framed .elementor-drop-cap{color:#69727d;border:3px solid;background-color:transparent}.elementor-widget-text-editor:not(.elementor-drop-cap-view-default) .elementor-drop-cap{margin-top:8px}.elementor-widget-text-editor:not(.elementor-drop-cap-view-default) .elementor-drop-cap-letter{width:1em;height:1em}.elementor-widget-text-editor .elementor-drop-cap{float:left;text-align:center;line-height:1;font-size:50px}.elementor-widget-text-editor .elementor-drop-cap-letter{display:inline-block}<\/style>\t\t\t\t<p><span data-contrast=\"auto\">O sonho de um Centro Integrado para o Tratamento do C\u00e2ncer come\u00e7a quando os cirurgi\u00f5es oncol\u00f3gicos, Dr. Ney Takizawa e Dr. Fabiano de Oliveira Bittencourt recebem o convite para integrar a equipe profissional de um centro m\u00e9dico hospitalar em Curitiba, em 2007.<\/span><span data-ccp-props=\"{}\">\u00a0<\/span><\/p>\t\t\t\t\t\t<\/div>\n\t\t\t\t<\/div>\n\t\t\t\t<div class=\"elementor-element elementor-element-619335f elementor-widget elementor-widget-text-editor\" data-id=\"619335f\" data-element_type=\"widget\" data-widget_type=\"text-editor.default\">\n\t\t\t\t<div class=\"elementor-widget-container\">\n\t\t\t\t\t\t\t<p><span data-contrast=\"auto\">Posteriormente, eles conhecem as m\u00e9dicas onco-hematologistas Jerusa Karina Miqueloto e Joelma Pietrovicz, que tamb\u00e9m passam a compor a equipe. Com a dedica\u00e7\u00e3o e a sintonia de todos, a confian\u00e7a dos outros m\u00e9dicos do hospital e dos pacientes se fortalece muito e com isso a equipe cresce.\u00a0<\/span><span data-ccp-props=\"{}\">\u00a0<\/span><\/p>\t\t\t\t\t\t<\/div>\n\t\t\t\t<\/div>\n\t\t\t\t<div class=\"elementor-element elementor-element-a3aa550 elementor-widget elementor-widget-text-editor\" data-id=\"a3aa550\" data-element_type=\"widget\" data-widget_type=\"text-editor.default\">\n\t\t\t\t<div class=\"elementor-widget-container\">\n\t\t\t\t\t\t\t<p><span data-contrast=\"auto\">Hoje a <strong>Oncologia 360<\/strong> conta com dez pessoas \u2013 os quatro s\u00f3cios fundadores e mais seis m\u00e9dicos &#8211; que seguem juntos compartilhando o objetivo de l<strong>evar ao paciente oncol\u00f3gico e seus familiares o que h\u00e1 de mais atual em mat\u00e9ria de tratamentos, interven\u00e7\u00f5es cir\u00fargicas e medicamentos<\/strong> e atende diversas especialidades como <\/span><span data-contrast=\"none\">Oncologia Cl\u00ednica, Hematologia, Transplante de Medula \u00d3ssea, Cirurgia Oncol\u00f3gica, Cirurgia Minimamente Invasiva, Dermato-oncologia e Cirurgias Oncol\u00f3gicas.\u202f<\/span><span data-ccp-props=\"{}\">\u00a0<\/span><\/p>\t\t\t\t\t\t<\/div>\n\t\t\t\t<\/div>\n\t\t\t\t\t<\/div>\n\t\t<\/div>\n\t\t\t\t<div class=\"elementor-column elementor-col-50 elementor-top-column elementor-element elementor-element-84c6fb0\" data-id=\"84c6fb0\" data-element_type=\"column\">\n\t\t\t<div class=\"elementor-widget-wrap elementor-element-populated\">\n\t\t\t\t\t\t\t\t<div class=\"elementor-element elementor-element-32e6991 elementor-widget elementor-widget-image\" data-id=\"32e6991\" data-element_type=\"widget\" data-widget_type=\"image.default\">\n\t\t\t\t<div class=\"elementor-widget-container\">\n\t\t\t<style>\/*! elementor - v3.18.0 - 08-12-2023 *\/\n.elementor-widget-image{text-align:center}.elementor-widget-image a{display:inline-block}.elementor-widget-image a img[src$=\".svg\"]{width:48px}.elementor-widget-image img{vertical-align:middle;display:inline-block}<\/style>\t\t\t\t\t\t\t\t\t\t\t\t<img fetchpriority=\"high\" decoding=\"async\" width=\"800\" height=\"228\" src=\"https:\/\/oncologia360.com.br\/wp-content\/uploads\/2024\/01\/cropped-LOGO-ONCO360-COMPLETA-2-1024x292.png\" class=\"attachment-large size-large wp-image-229\" alt=\"\" srcset=\"https:\/\/oncologia360.com.br\/wp-content\/uploads\/2024\/01\/cropped-LOGO-ONCO360-COMPLETA-2-1024x292.png 1024w, https:\/\/oncologia360.com.br\/wp-content\/uploads\/2024\/01\/cropped-LOGO-ONCO360-COMPLETA-2-300x86.png 300w, https:\/\/oncologia360.com.br\/wp-content\/uploads\/2024\/01\/cropped-LOGO-ONCO360-COMPLETA-2-768x219.png 768w, https:\/\/oncologia360.com.br\/wp-content\/uploads\/2024\/01\/cropped-LOGO-ONCO360-COMPLETA-2-1536x438.png 1536w, https:\/\/oncologia360.com.br\/wp-content\/uploads\/2024\/01\/cropped-LOGO-ONCO360-COMPLETA-2-2048x584.png 2048w\" sizes=\"(max-width: 800px) 100vw, 800px\" \/>\t\t\t\t\t\t\t\t\t\t\t\t\t\t\t<\/div>\n\t\t\t\t<\/div>\n\t\t\t\t\t<\/div>\n\t\t<\/div>\n\t\t\t\t\t\t\t<\/div>\n\t\t<\/section>\n\t\t\t\t\t\t\t<\/div>\n\t\t","protected":false},"excerpt":{"rendered":"<p>Nossa Hist\u00f3ria O sonho de um Centro Integrado para o Tratamento do C\u00e2ncer come\u00e7a quando os cirurgi\u00f5es oncol\u00f3gicos, Dr. Ney Takizawa e Dr. Fabiano de Oliveira Bittencourt recebem o convite para integrar a equipe profissional de um centro m\u00e9dico hospitalar em Curitiba, em 2007.\u00a0 Posteriormente, eles conhecem as m\u00e9dicas onco-hematologistas Jerusa Karina Miqueloto e Joelma [&hellip;]<\/p>\n","protected":false},"author":2,"featured_media":0,"parent":0,"menu_order":0,"comment_status":"closed","ping_status":"closed","template":"elementor_header_footer","meta":{"om_disable_all_campaigns":false,"_monsterinsights_skip_tracking":false,"_monsterinsights_sitenote_active":false,"_monsterinsights_sitenote_note":"","_monsterinsights_sitenote_category":0,"footnotes":""},"aioseo_notices":[],"_links":{"self":[{"href":"https:\/\/oncologia360.com.br\/index.php\/wp-json\/wp\/v2\/pages\/122"}],"collection":[{"href":"https:\/\/oncologia360.com.br\/index.php\/wp-json\/wp\/v2\/pages"}],"about":[{"href":"https:\/\/oncologia360.com.br\/index.php\/wp-json\/wp\/v2\/types\/page"}],"author":[{"embeddable":true,"href":"https:\/\/oncologia360.com.br\/index.php\/wp-json\/wp\/v2\/users\/2"}],"replies":[{"embeddable":true,"href":"https:\/\/oncologia360.com.br\/index.php\/wp-json\/wp\/v2\/comments?post=122"}],"version-history":[{"count":11,"href":"https:\/\/oncologia360.com.br\/index.php\/wp-json\/wp\/v2\/pages\/122\/revisions"}],"predecessor-version":[{"id":548,"href":"https:\/\/oncologia360.com.br\/index.php\/wp-json\/wp\/v2\/pages\/122\/revisions\/548"}],"wp:attachment":[{"href":"https:\/\/oncologia360.com.br\/index.php\/wp-json\/wp\/v2\/media?parent=122"}],"curies":[{"name":"wp","href":"https:\/\/api.w.org\/{rel}","templated":true}]}}