{"id":479,"date":"2024-01-02T11:59:59","date_gmt":"2024-01-02T14:59:59","guid":{"rendered":"https:\/\/oncologia360.com.br\/?page_id=479"},"modified":"2024-06-17T13:04:26","modified_gmt":"2024-06-17T16:04:26","slug":"dr-ney-takizawa","status":"publish","type":"page","link":"https:\/\/oncologia360.com.br\/index.php\/dr-ney-takizawa\/","title":{"rendered":"Dr. Ney Takizawa"},"content":{"rendered":"\t\t<div data-elementor-type=\"wp-page\" data-elementor-id=\"479\" class=\"elementor elementor-479\" data-elementor-post-type=\"page\">\n\t\t\t\t\t\t\t<div class=\"elementor-element elementor-element-416491a e-flex e-con-boxed e-con e-parent\" data-id=\"416491a\" data-element_type=\"container\" data-settings=\"{&quot;content_width&quot;:&quot;boxed&quot;}\" data-core-v316-plus=\"true\">\n\t\t\t\t\t<div class=\"e-con-inner\">\n\t\t<div class=\"elementor-element elementor-element-86de5b2 e-flex e-con-boxed e-con e-child\" data-id=\"86de5b2\" data-element_type=\"container\" data-settings=\"{&quot;content_width&quot;:&quot;boxed&quot;}\">\n\t\t\t\t\t<div class=\"e-con-inner\">\n\t\t<div class=\"elementor-element elementor-element-015701a e-con-full e-flex e-con e-child\" data-id=\"015701a\" data-element_type=\"container\" data-settings=\"{&quot;content_width&quot;:&quot;full&quot;}\">\n\t\t\t\t<div class=\"elementor-element elementor-element-5e691bb elementor-widget elementor-widget-image\" data-id=\"5e691bb\" data-element_type=\"widget\" data-widget_type=\"image.default\">\n\t\t\t\t<div class=\"elementor-widget-container\">\n\t\t\t<style>\/*! elementor - v3.18.0 - 08-12-2023 *\/\n.elementor-widget-image{text-align:center}.elementor-widget-image a{display:inline-block}.elementor-widget-image a img[src$=\".svg\"]{width:48px}.elementor-widget-image img{vertical-align:middle;display:inline-block}<\/style>\t\t\t\t\t\t\t\t\t\t\t\t<img fetchpriority=\"high\" decoding=\"async\" width=\"750\" height=\"750\" src=\"https:\/\/oncologia360.com.br\/wp-content\/uploads\/2024\/01\/site-fotos-equipe-Ney.png\" class=\"attachment-large size-large wp-image-669\" alt=\"\" srcset=\"https:\/\/oncologia360.com.br\/wp-content\/uploads\/2024\/01\/site-fotos-equipe-Ney.png 750w, https:\/\/oncologia360.com.br\/wp-content\/uploads\/2024\/01\/site-fotos-equipe-Ney-300x300.png 300w, https:\/\/oncologia360.com.br\/wp-content\/uploads\/2024\/01\/site-fotos-equipe-Ney-150x150.png 150w\" sizes=\"(max-width: 750px) 100vw, 750px\" \/>\t\t\t\t\t\t\t\t\t\t\t\t\t\t\t<\/div>\n\t\t\t\t<\/div>\n\t\t\t\t<\/div>\n\t\t<div class=\"elementor-element elementor-element-fa9d294 e-con-full e-flex e-con e-child\" data-id=\"fa9d294\" data-element_type=\"container\" data-settings=\"{&quot;content_width&quot;:&quot;full&quot;,&quot;background_background&quot;:&quot;classic&quot;}\">\n\t\t<div class=\"elementor-element elementor-element-fe22b4b e-flex e-con-boxed e-con e-child\" data-id=\"fe22b4b\" data-element_type=\"container\" data-settings=\"{&quot;content_width&quot;:&quot;boxed&quot;}\">\n\t\t\t\t\t<div class=\"e-con-inner\">\n\t\t\t\t<div class=\"elementor-element elementor-element-3803667 elementor-widget elementor-widget-heading\" data-id=\"3803667\" data-element_type=\"widget\" data-widget_type=\"heading.default\">\n\t\t\t\t<div class=\"elementor-widget-container\">\n\t\t\t<style>\/*! elementor - v3.18.0 - 08-12-2023 *\/\n.elementor-heading-title{padding:0;margin:0;line-height:1}.elementor-widget-heading .elementor-heading-title[class*=elementor-size-]>a{color:inherit;font-size:inherit;line-height:inherit}.elementor-widget-heading .elementor-heading-title.elementor-size-small{font-size:15px}.elementor-widget-heading .elementor-heading-title.elementor-size-medium{font-size:19px}.elementor-widget-heading .elementor-heading-title.elementor-size-large{font-size:29px}.elementor-widget-heading .elementor-heading-title.elementor-size-xl{font-size:39px}.elementor-widget-heading .elementor-heading-title.elementor-size-xxl{font-size:59px}<\/style><h2 class=\"elementor-heading-title elementor-size-default\">Dr. Ney Takizawa<\/h2>\t\t<\/div>\n\t\t\t\t<\/div>\n\t\t\t\t<div class=\"elementor-element elementor-element-fe09847 elementor-widget elementor-widget-heading\" data-id=\"fe09847\" data-element_type=\"widget\" data-widget_type=\"heading.default\">\n\t\t\t\t<div class=\"elementor-widget-container\">\n\t\t\t<h2 class=\"elementor-heading-title elementor-size-default\">CRM 11858<\/h2>\t\t<\/div>\n\t\t\t\t<\/div>\n\t\t\t\t<div class=\"elementor-element elementor-element-4752b10 elementor-widget elementor-widget-heading\" data-id=\"4752b10\" data-element_type=\"widget\" data-widget_type=\"heading.default\">\n\t\t\t\t<div class=\"elementor-widget-container\">\n\t\t\t<h2 class=\"elementor-heading-title elementor-size-default\">Oncologista-Cirurgi\u00e3o<\/h2>\t\t<\/div>\n\t\t\t\t<\/div>\n\t\t\t\t<div class=\"elementor-element elementor-element-57bbc9d elementor-widget elementor-widget-text-editor\" data-id=\"57bbc9d\" data-element_type=\"widget\" data-widget_type=\"text-editor.default\">\n\t\t\t\t<div class=\"elementor-widget-container\">\n\t\t\t<style>\/*! elementor - v3.18.0 - 08-12-2023 *\/\n.elementor-widget-text-editor.elementor-drop-cap-view-stacked .elementor-drop-cap{background-color:#69727d;color:#fff}.elementor-widget-text-editor.elementor-drop-cap-view-framed .elementor-drop-cap{color:#69727d;border:3px solid;background-color:transparent}.elementor-widget-text-editor:not(.elementor-drop-cap-view-default) .elementor-drop-cap{margin-top:8px}.elementor-widget-text-editor:not(.elementor-drop-cap-view-default) .elementor-drop-cap-letter{width:1em;height:1em}.elementor-widget-text-editor .elementor-drop-cap{float:left;text-align:center;line-height:1;font-size:50px}.elementor-widget-text-editor .elementor-drop-cap-letter{display:inline-block}<\/style>\t\t\t\t<p><b>Especialidades\/\u00c1reas de Atua\u00e7\u00e3o (RQE):<\/b><span style=\"font-weight: 400;\">\u00a0<\/span><\/p><p><span style=\"font-weight: 400;\">Cancerologia\/cancerologia cir\u00fargica (4616)<\/span><\/p><p><span style=\"font-weight: 400;\">Cirurgia geral (4617)<\/span><\/p><p><span style=\"font-weight: 400;\">Cirurgia tor\u00e1cica (6710)<\/span><\/p><p><b>Forma\u00e7\u00e3o Acad\u00eamica<\/b><span style=\"font-weight: 400;\">\u00a0<\/span><\/p><p><span style=\"font-weight: 400;\">Gradua\u00e7\u00e3o em Medicina \u2013 UFPR \u2013 Universidade Federal do Paran\u00e1\u00a0<\/span><\/p><p><b>Resid\u00eancia M\u00e9dica<\/b><span style=\"font-weight: 400;\">\u00a0<\/span><\/p><p><span style=\"font-weight: 400;\">Em Cirurgia Geral e Oncologia pelo <\/span><b>Hospital Nossa Senhora das Gra\u00e7as (<\/b><b style=\"color: var( --e-global-color-a3a7191 ); text-align: var(--text-align);\">HNSG &#8211; Curitiba\/PR &#8211; Brasil<\/b><b style=\"color: var( --e-global-color-a3a7191 ); text-align: var(--text-align);\">)<\/b><\/p><p><span style=\"font-weight: 400;\">Est\u00e1gio em Cirurgia Oncol\u00f3gica no <\/span><b>National Cancer Center of Japan (NCC \u2013 Tokyo &#8211; Jap\u00e3o);\u00a0<\/b><\/p><p><span style=\"font-weight: 400;\">Est\u00e1gio em Cirurgia Oncol\u00f3gica no <\/span><b>Memorial Sloan-Kettering Cancer <\/b><strong>Center (MSKCC &#8211; Nova York &#8211; EUA);\u00a0<\/strong><\/p><p><span style=\"font-weight: 400;\">Aperfei\u00e7oamento em Dermatologia Oncol\u00f3gica no <\/span><b>A. Camargo Cancer Center<\/b><strong> \u2013 S\u00e3o Paulo &#8211;\u00a0 Brasil. <\/strong><\/p>\t\t\t\t\t\t<\/div>\n\t\t\t\t<\/div>\n\t\t\t\t\t<\/div>\n\t\t\t\t<\/div>\n\t\t\t\t<\/div>\n\t\t\t\t\t<\/div>\n\t\t\t\t<\/div>\n\t\t\t\t\t<\/div>\n\t\t\t\t<\/div>\n\t\t\t\t\t\t\t<\/div>\n\t\t","protected":false},"excerpt":{"rendered":"<p>Dr. Ney Takizawa CRM 11858 Oncologista-Cirurgi\u00e3o Especialidades\/\u00c1reas de Atua\u00e7\u00e3o (RQE):\u00a0 Cancerologia\/cancerologia cir\u00fargica (4616) Cirurgia geral (4617) Cirurgia tor\u00e1cica (6710) Forma\u00e7\u00e3o Acad\u00eamica\u00a0 Gradua\u00e7\u00e3o em Medicina \u2013 UFPR \u2013 Universidade Federal do Paran\u00e1\u00a0 Resid\u00eancia M\u00e9dica\u00a0 Em Cirurgia Geral e Oncologia pelo Hospital Nossa Senhora das Gra\u00e7as (HNSG &#8211; Curitiba\/PR &#8211; Brasil) Est\u00e1gio em Cirurgia Oncol\u00f3gica no National [&hellip;]<\/p>\n","protected":false},"author":2,"featured_media":0,"parent":0,"menu_order":0,"comment_status":"closed","ping_status":"closed","template":"elementor_header_footer","meta":{"om_disable_all_campaigns":false,"_monsterinsights_skip_tracking":false,"_monsterinsights_sitenote_active":false,"_monsterinsights_sitenote_note":"","_monsterinsights_sitenote_category":0,"footnotes":""},"aioseo_notices":[],"_links":{"self":[{"href":"https:\/\/oncologia360.com.br\/index.php\/wp-json\/wp\/v2\/pages\/479"}],"collection":[{"href":"https:\/\/oncologia360.com.br\/index.php\/wp-json\/wp\/v2\/pages"}],"about":[{"href":"https:\/\/oncologia360.com.br\/index.php\/wp-json\/wp\/v2\/types\/page"}],"author":[{"embeddable":true,"href":"https:\/\/oncologia360.com.br\/index.php\/wp-json\/wp\/v2\/users\/2"}],"replies":[{"embeddable":true,"href":"https:\/\/oncologia360.com.br\/index.php\/wp-json\/wp\/v2\/comments?post=479"}],"version-history":[{"count":20,"href":"https:\/\/oncologia360.com.br\/index.php\/wp-json\/wp\/v2\/pages\/479\/revisions"}],"predecessor-version":[{"id":998,"href":"https:\/\/oncologia360.com.br\/index.php\/wp-json\/wp\/v2\/pages\/479\/revisions\/998"}],"wp:attachment":[{"href":"https:\/\/oncologia360.com.br\/index.php\/wp-json\/wp\/v2\/media?parent=479"}],"curies":[{"name":"wp","href":"https:\/\/api.w.org\/{rel}","templated":true}]}}