{"id":496,"date":"2024-01-02T12:06:35","date_gmt":"2024-01-02T15:06:35","guid":{"rendered":"https:\/\/oncologia360.com.br\/?page_id=496"},"modified":"2024-02-23T11:33:14","modified_gmt":"2024-02-23T14:33:14","slug":"dra-jerusa-karina-miqueloto","status":"publish","type":"page","link":"https:\/\/oncologia360.com.br\/index.php\/dra-jerusa-karina-miqueloto\/","title":{"rendered":"Dra. Jerusa Karina Miqueloto"},"content":{"rendered":"\t\t<div data-elementor-type=\"wp-page\" data-elementor-id=\"496\" class=\"elementor elementor-496\" data-elementor-post-type=\"page\">\n\t\t\t\t\t\t\t<div class=\"elementor-element elementor-element-416491a e-flex e-con-boxed e-con e-parent\" data-id=\"416491a\" data-element_type=\"container\" data-settings=\"{&quot;content_width&quot;:&quot;boxed&quot;}\" data-core-v316-plus=\"true\">\n\t\t\t\t\t<div class=\"e-con-inner\">\n\t\t<div class=\"elementor-element elementor-element-86de5b2 e-flex e-con-boxed e-con e-child\" data-id=\"86de5b2\" data-element_type=\"container\" data-settings=\"{&quot;content_width&quot;:&quot;boxed&quot;}\">\n\t\t\t\t\t<div class=\"e-con-inner\">\n\t\t<div class=\"elementor-element elementor-element-b2f60f5 e-flex e-con-boxed e-con e-child\" data-id=\"b2f60f5\" data-element_type=\"container\" data-settings=\"{&quot;content_width&quot;:&quot;boxed&quot;}\">\n\t\t\t\t\t<div class=\"e-con-inner\">\n\t\t<div class=\"elementor-element elementor-element-d8aeb17 e-con-full e-flex e-con e-child\" data-id=\"d8aeb17\" data-element_type=\"container\" data-settings=\"{&quot;content_width&quot;:&quot;full&quot;}\">\n\t\t\t\t<div class=\"elementor-element elementor-element-69ee3a0 elementor-widget elementor-widget-image\" data-id=\"69ee3a0\" data-element_type=\"widget\" data-widget_type=\"image.default\">\n\t\t\t\t<div class=\"elementor-widget-container\">\n\t\t\t<style>\/*! elementor - v3.18.0 - 08-12-2023 *\/\n.elementor-widget-image{text-align:center}.elementor-widget-image a{display:inline-block}.elementor-widget-image a img[src$=\".svg\"]{width:48px}.elementor-widget-image img{vertical-align:middle;display:inline-block}<\/style>\t\t\t\t\t\t\t\t\t\t\t\t<img fetchpriority=\"high\" decoding=\"async\" width=\"750\" height=\"750\" src=\"https:\/\/oncologia360.com.br\/wp-content\/uploads\/2024\/01\/site-fotos-equipe-Jeruza.png\" class=\"attachment-large size-large wp-image-667\" alt=\"\" srcset=\"https:\/\/oncologia360.com.br\/wp-content\/uploads\/2024\/01\/site-fotos-equipe-Jeruza.png 750w, https:\/\/oncologia360.com.br\/wp-content\/uploads\/2024\/01\/site-fotos-equipe-Jeruza-300x300.png 300w, https:\/\/oncologia360.com.br\/wp-content\/uploads\/2024\/01\/site-fotos-equipe-Jeruza-150x150.png 150w\" sizes=\"(max-width: 750px) 100vw, 750px\" \/>\t\t\t\t\t\t\t\t\t\t\t\t\t\t\t<\/div>\n\t\t\t\t<\/div>\n\t\t\t\t<\/div>\n\t\t<div class=\"elementor-element elementor-element-7f312b9 e-con-full e-flex e-con e-child\" data-id=\"7f312b9\" data-element_type=\"container\" data-settings=\"{&quot;content_width&quot;:&quot;full&quot;,&quot;background_background&quot;:&quot;classic&quot;}\">\n\t\t<div class=\"elementor-element elementor-element-129bcc0 e-flex e-con-boxed e-con e-child\" data-id=\"129bcc0\" data-element_type=\"container\" data-settings=\"{&quot;content_width&quot;:&quot;boxed&quot;}\">\n\t\t\t\t\t<div class=\"e-con-inner\">\n\t\t\t\t<div class=\"elementor-element elementor-element-e176d71 elementor-widget elementor-widget-heading\" data-id=\"e176d71\" data-element_type=\"widget\" data-widget_type=\"heading.default\">\n\t\t\t\t<div class=\"elementor-widget-container\">\n\t\t\t<style>\/*! elementor - v3.18.0 - 08-12-2023 *\/\n.elementor-heading-title{padding:0;margin:0;line-height:1}.elementor-widget-heading .elementor-heading-title[class*=elementor-size-]>a{color:inherit;font-size:inherit;line-height:inherit}.elementor-widget-heading .elementor-heading-title.elementor-size-small{font-size:15px}.elementor-widget-heading .elementor-heading-title.elementor-size-medium{font-size:19px}.elementor-widget-heading .elementor-heading-title.elementor-size-large{font-size:29px}.elementor-widget-heading .elementor-heading-title.elementor-size-xl{font-size:39px}.elementor-widget-heading .elementor-heading-title.elementor-size-xxl{font-size:59px}<\/style><h2 class=\"elementor-heading-title elementor-size-default\">Dra. Jerusa Karina Miqueloto<\/h2>\t\t<\/div>\n\t\t\t\t<\/div>\n\t\t\t\t<div class=\"elementor-element elementor-element-499a1f7 elementor-widget elementor-widget-heading\" data-id=\"499a1f7\" data-element_type=\"widget\" data-widget_type=\"heading.default\">\n\t\t\t\t<div class=\"elementor-widget-container\">\n\t\t\t<h2 class=\"elementor-heading-title elementor-size-default\">CRM 21209 \n\n<\/h2>\t\t<\/div>\n\t\t\t\t<\/div>\n\t\t\t\t<div class=\"elementor-element elementor-element-8f44264 elementor-widget elementor-widget-heading\" data-id=\"8f44264\" data-element_type=\"widget\" data-widget_type=\"heading.default\">\n\t\t\t\t<div class=\"elementor-widget-container\">\n\t\t\t<h2 class=\"elementor-heading-title elementor-size-default\">Onco-Hematologista<\/h2>\t\t<\/div>\n\t\t\t\t<\/div>\n\t\t\t\t<div class=\"elementor-element elementor-element-8773448 elementor-widget elementor-widget-text-editor\" data-id=\"8773448\" data-element_type=\"widget\" data-widget_type=\"text-editor.default\">\n\t\t\t\t<div class=\"elementor-widget-container\">\n\t\t\t<style>\/*! elementor - v3.18.0 - 08-12-2023 *\/\n.elementor-widget-text-editor.elementor-drop-cap-view-stacked .elementor-drop-cap{background-color:#69727d;color:#fff}.elementor-widget-text-editor.elementor-drop-cap-view-framed .elementor-drop-cap{color:#69727d;border:3px solid;background-color:transparent}.elementor-widget-text-editor:not(.elementor-drop-cap-view-default) .elementor-drop-cap{margin-top:8px}.elementor-widget-text-editor:not(.elementor-drop-cap-view-default) .elementor-drop-cap-letter{width:1em;height:1em}.elementor-widget-text-editor .elementor-drop-cap{float:left;text-align:center;line-height:1;font-size:50px}.elementor-widget-text-editor .elementor-drop-cap-letter{display:inline-block}<\/style>\t\t\t\t<p><b>Especialidades\/\u00c1reas de Atua\u00e7\u00e3o (RQE):<\/b><span style=\"font-weight: 400;\">\u00a0<\/span><\/p><p><span style=\"font-weight: 400;\">Cl\u00ednica M\u00e9dica\u00a0 (13706)<\/span><\/p><p><span style=\"font-weight: 400;\">Hematologia E Hemoterapia\u00a0 (14119)<\/span><\/p><p>\u00a0<\/p><p><b>Forma\u00e7\u00e3o Acad\u00eamica<\/b><span style=\"font-weight: 400;\">\u00a0<\/span><\/p><p><span style=\"font-weight: 400;\">Gradua\u00e7\u00e3o em medicina <\/span><span style=\"font-weight: 400;\">pela Universidade Cat\u00f3lica de Pelotas.<\/span><span style=\"font-weight: 400;\">\u00a0<\/span><\/p><p><span style=\"font-weight: 400;\">\u00a0<\/span><\/p><p><b>Resid\u00eancia M\u00e9dica<\/b><span style=\"font-weight: 400;\">\u00a0<\/span><\/p><p><span style=\"font-weight: 400;\">Em hematologia e hemoterapia pelo Hospital Nossa Senhora da Concei\u00e7\u00e3o.<\/span><span style=\"font-weight: 400;\">\u00a0<\/span><\/p><p><span style=\"font-weight: 400;\">\u00a0<\/span><\/p><p><b>Participa\u00e7\u00e3o em Sociedades<\/b><span style=\"font-weight: 400;\">\u00a0<\/span><\/p><p><span style=\"font-weight: 400;\">\u00c9 vice-presidente da Academia Paranaense de Hematologia (APH).<\/span><span style=\"font-weight: 400;\">\u00a0<\/span><\/p><p>Membro Integrante da C\u00e2mara T\u00e9cnica da especialidade de Hematologia e Hemotorapia do CRM-PR, gest\u00e3o 2023-2028.<\/p><p>Membro da Associa\u00e7\u00e3o Brasileira de Hematologia, Hemoterapia e Terapia Celular (ABHH).<\/p>\t\t\t\t\t\t<\/div>\n\t\t\t\t<\/div>\n\t\t\t\t\t<\/div>\n\t\t\t\t<\/div>\n\t\t\t\t<\/div>\n\t\t\t\t\t<\/div>\n\t\t\t\t<\/div>\n\t\t\t\t\t<\/div>\n\t\t\t\t<\/div>\n\t\t\t\t\t<\/div>\n\t\t\t\t<\/div>\n\t\t\t\t\t\t\t<\/div>\n\t\t","protected":false},"excerpt":{"rendered":"<p>Dra. Jerusa Karina Miqueloto CRM 21209 Onco-Hematologista Especialidades\/\u00c1reas de Atua\u00e7\u00e3o (RQE):\u00a0 Cl\u00ednica M\u00e9dica\u00a0 (13706) Hematologia E Hemoterapia\u00a0 (14119) \u00a0 Forma\u00e7\u00e3o Acad\u00eamica\u00a0 Gradua\u00e7\u00e3o em medicina pela Universidade Cat\u00f3lica de Pelotas.\u00a0 \u00a0 Resid\u00eancia M\u00e9dica\u00a0 Em hematologia e hemoterapia pelo Hospital Nossa Senhora da Concei\u00e7\u00e3o.\u00a0 \u00a0 Participa\u00e7\u00e3o em Sociedades\u00a0 \u00c9 vice-presidente da Academia Paranaense de Hematologia (APH).\u00a0 Membro [&hellip;]<\/p>\n","protected":false},"author":2,"featured_media":0,"parent":0,"menu_order":0,"comment_status":"closed","ping_status":"closed","template":"elementor_header_footer","meta":{"om_disable_all_campaigns":false,"_monsterinsights_skip_tracking":false,"_monsterinsights_sitenote_active":false,"_monsterinsights_sitenote_note":"","_monsterinsights_sitenote_category":0,"footnotes":""},"aioseo_notices":[],"_links":{"self":[{"href":"https:\/\/oncologia360.com.br\/index.php\/wp-json\/wp\/v2\/pages\/496"}],"collection":[{"href":"https:\/\/oncologia360.com.br\/index.php\/wp-json\/wp\/v2\/pages"}],"about":[{"href":"https:\/\/oncologia360.com.br\/index.php\/wp-json\/wp\/v2\/types\/page"}],"author":[{"embeddable":true,"href":"https:\/\/oncologia360.com.br\/index.php\/wp-json\/wp\/v2\/users\/2"}],"replies":[{"embeddable":true,"href":"https:\/\/oncologia360.com.br\/index.php\/wp-json\/wp\/v2\/comments?post=496"}],"version-history":[{"count":25,"href":"https:\/\/oncologia360.com.br\/index.php\/wp-json\/wp\/v2\/pages\/496\/revisions"}],"predecessor-version":[{"id":762,"href":"https:\/\/oncologia360.com.br\/index.php\/wp-json\/wp\/v2\/pages\/496\/revisions\/762"}],"wp:attachment":[{"href":"https:\/\/oncologia360.com.br\/index.php\/wp-json\/wp\/v2\/media?parent=496"}],"curies":[{"name":"wp","href":"https:\/\/api.w.org\/{rel}","templated":true}]}}