{"id":499,"date":"2024-01-02T12:09:41","date_gmt":"2024-01-02T15:09:41","guid":{"rendered":"https:\/\/oncologia360.com.br\/?page_id=499"},"modified":"2024-01-31T10:24:51","modified_gmt":"2024-01-31T13:24:51","slug":"dra-joelma-pietrovicz","status":"publish","type":"page","link":"https:\/\/oncologia360.com.br\/index.php\/dra-joelma-pietrovicz\/","title":{"rendered":"Dra. Joelma Pietrovicz"},"content":{"rendered":"\t\t<div data-elementor-type=\"wp-page\" data-elementor-id=\"499\" class=\"elementor elementor-499\" data-elementor-post-type=\"page\">\n\t\t\t\t\t\t\t<div class=\"elementor-element elementor-element-416491a e-flex e-con-boxed e-con e-parent\" data-id=\"416491a\" data-element_type=\"container\" data-settings=\"{&quot;content_width&quot;:&quot;boxed&quot;}\" data-core-v316-plus=\"true\">\n\t\t\t\t\t<div class=\"e-con-inner\">\n\t\t<div class=\"elementor-element elementor-element-86de5b2 e-flex e-con-boxed e-con e-child\" data-id=\"86de5b2\" data-element_type=\"container\" data-settings=\"{&quot;content_width&quot;:&quot;boxed&quot;}\">\n\t\t\t\t\t<div class=\"e-con-inner\">\n\t\t<div class=\"elementor-element elementor-element-cb02ac2 e-flex e-con-boxed e-con e-child\" data-id=\"cb02ac2\" data-element_type=\"container\" data-settings=\"{&quot;content_width&quot;:&quot;boxed&quot;}\">\n\t\t\t\t\t<div class=\"e-con-inner\">\n\t\t<div class=\"elementor-element elementor-element-ca667d6 e-con-full e-flex e-con e-child\" data-id=\"ca667d6\" data-element_type=\"container\" data-settings=\"{&quot;content_width&quot;:&quot;full&quot;}\">\n\t\t\t\t<div class=\"elementor-element elementor-element-94d9772 elementor-widget elementor-widget-image\" data-id=\"94d9772\" data-element_type=\"widget\" data-widget_type=\"image.default\">\n\t\t\t\t<div class=\"elementor-widget-container\">\n\t\t\t<style>\/*! elementor - v3.18.0 - 08-12-2023 *\/\n.elementor-widget-image{text-align:center}.elementor-widget-image a{display:inline-block}.elementor-widget-image a img[src$=\".svg\"]{width:48px}.elementor-widget-image img{vertical-align:middle;display:inline-block}<\/style>\t\t\t\t\t\t\t\t\t\t\t\t<img fetchpriority=\"high\" decoding=\"async\" width=\"800\" height=\"800\" src=\"https:\/\/oncologia360.com.br\/wp-content\/uploads\/2024\/01\/site-fotos-equipe-Joelma.png\" class=\"attachment-large size-large wp-image-668\" alt=\"\" srcset=\"https:\/\/oncologia360.com.br\/wp-content\/uploads\/2024\/01\/site-fotos-equipe-Joelma.png 900w, https:\/\/oncologia360.com.br\/wp-content\/uploads\/2024\/01\/site-fotos-equipe-Joelma-300x300.png 300w, https:\/\/oncologia360.com.br\/wp-content\/uploads\/2024\/01\/site-fotos-equipe-Joelma-150x150.png 150w, https:\/\/oncologia360.com.br\/wp-content\/uploads\/2024\/01\/site-fotos-equipe-Joelma-768x768.png 768w\" sizes=\"(max-width: 800px) 100vw, 800px\" \/>\t\t\t\t\t\t\t\t\t\t\t\t\t\t\t<\/div>\n\t\t\t\t<\/div>\n\t\t\t\t<\/div>\n\t\t<div class=\"elementor-element elementor-element-0fd154a e-con-full e-flex e-con e-child\" data-id=\"0fd154a\" data-element_type=\"container\" data-settings=\"{&quot;content_width&quot;:&quot;full&quot;,&quot;background_background&quot;:&quot;classic&quot;}\">\n\t\t<div class=\"elementor-element elementor-element-a1ae907 e-flex e-con-boxed e-con e-child\" data-id=\"a1ae907\" data-element_type=\"container\" data-settings=\"{&quot;content_width&quot;:&quot;boxed&quot;}\">\n\t\t\t\t\t<div class=\"e-con-inner\">\n\t\t\t\t<div class=\"elementor-element elementor-element-bc5abe2 elementor-widget elementor-widget-heading\" data-id=\"bc5abe2\" data-element_type=\"widget\" data-widget_type=\"heading.default\">\n\t\t\t\t<div class=\"elementor-widget-container\">\n\t\t\t<style>\/*! elementor - v3.18.0 - 08-12-2023 *\/\n.elementor-heading-title{padding:0;margin:0;line-height:1}.elementor-widget-heading .elementor-heading-title[class*=elementor-size-]>a{color:inherit;font-size:inherit;line-height:inherit}.elementor-widget-heading .elementor-heading-title.elementor-size-small{font-size:15px}.elementor-widget-heading .elementor-heading-title.elementor-size-medium{font-size:19px}.elementor-widget-heading .elementor-heading-title.elementor-size-large{font-size:29px}.elementor-widget-heading .elementor-heading-title.elementor-size-xl{font-size:39px}.elementor-widget-heading .elementor-heading-title.elementor-size-xxl{font-size:59px}<\/style><h2 class=\"elementor-heading-title elementor-size-default\">Dra. Joelma Pietrovicz<\/h2>\t\t<\/div>\n\t\t\t\t<\/div>\n\t\t\t\t<div class=\"elementor-element elementor-element-f23145d elementor-widget elementor-widget-heading\" data-id=\"f23145d\" data-element_type=\"widget\" data-widget_type=\"heading.default\">\n\t\t\t\t<div class=\"elementor-widget-container\">\n\t\t\t<h2 class=\"elementor-heading-title elementor-size-default\">CRM 17525\n\n<\/h2>\t\t<\/div>\n\t\t\t\t<\/div>\n\t\t\t\t<div class=\"elementor-element elementor-element-616c405 elementor-widget elementor-widget-heading\" data-id=\"616c405\" data-element_type=\"widget\" data-widget_type=\"heading.default\">\n\t\t\t\t<div class=\"elementor-widget-container\">\n\t\t\t<h2 class=\"elementor-heading-title elementor-size-default\">Onco-Hematologista<\/h2>\t\t<\/div>\n\t\t\t\t<\/div>\n\t\t\t\t<div class=\"elementor-element elementor-element-998df01 elementor-widget elementor-widget-text-editor\" data-id=\"998df01\" data-element_type=\"widget\" data-widget_type=\"text-editor.default\">\n\t\t\t\t<div class=\"elementor-widget-container\">\n\t\t\t<style>\/*! elementor - v3.18.0 - 08-12-2023 *\/\n.elementor-widget-text-editor.elementor-drop-cap-view-stacked .elementor-drop-cap{background-color:#69727d;color:#fff}.elementor-widget-text-editor.elementor-drop-cap-view-framed .elementor-drop-cap{color:#69727d;border:3px solid;background-color:transparent}.elementor-widget-text-editor:not(.elementor-drop-cap-view-default) .elementor-drop-cap{margin-top:8px}.elementor-widget-text-editor:not(.elementor-drop-cap-view-default) .elementor-drop-cap-letter{width:1em;height:1em}.elementor-widget-text-editor .elementor-drop-cap{float:left;text-align:center;line-height:1;font-size:50px}.elementor-widget-text-editor .elementor-drop-cap-letter{display:inline-block}<\/style>\t\t\t\t<p><b>Especialidades\/\u00c1reas de Atua\u00e7\u00e3o (RQE):<\/b> <span style=\"font-weight: 400;\">\u00a0<\/span><\/p><p><span style=\"font-weight: 400;\">Hematologia E Hemoterapia\u00a0 (16476)<\/span><\/p><p><span style=\"font-weight: 400;\">Cl\u00ednica M\u00e9dica (2554)\u00a0\u00a0<\/span><\/p><p><span style=\"font-weight: 400;\">\u00a0<\/span><\/p><p><b>Forma\u00e7\u00e3o Acad\u00eamica<\/b><span style=\"font-weight: 400;\">\u00a0<\/span><\/p><p><span style=\"font-weight: 400;\">Gradua\u00e7\u00e3o em medicina <\/span><span style=\"font-weight: 400;\">pela <\/span><span style=\"font-weight: 400;\">Universidade Federal do Paran\u00e1.\u00a0<\/span><\/p><p>\u00a0<\/p><p><b>Resid\u00eancia M\u00e9dica<\/b><span style=\"font-weight: 400;\">\u00a0<\/span><\/p><p><span style=\"font-weight: 400;\">Em Cl\u00ednica M\u00e9dica pela Pontif\u00edcia Universidade Cat\u00f3lica do Paran\u00e1 &#8211; PUC-PR (Hospital Santa Casa e Hospital Cajuru);\u00a0<\/span><\/p><p><span style=\"font-weight: 400;\">Em Hematologia e Hemoterapia &#8211; Hospital Universit\u00e1rio Evang\u00e9lico de Curitiba.\u00a0<\/span><\/p><p>\u00a0<\/p><p><b>Participa\u00e7\u00e3o em Sociedades<\/b> <span style=\"font-weight: 400;\"><br \/><\/span><span style=\"font-weight: 400;\">\u00c9 membro da diretoria da Academia Paranaense de Hematologia.\u00a0<\/span><\/p>\t\t\t\t\t\t<\/div>\n\t\t\t\t<\/div>\n\t\t\t\t\t<\/div>\n\t\t\t\t<\/div>\n\t\t\t\t<\/div>\n\t\t\t\t\t<\/div>\n\t\t\t\t<\/div>\n\t\t\t\t\t<\/div>\n\t\t\t\t<\/div>\n\t\t\t\t\t<\/div>\n\t\t\t\t<\/div>\n\t\t\t\t\t\t\t<\/div>\n\t\t","protected":false},"excerpt":{"rendered":"<p>Dra. Joelma Pietrovicz CRM 17525 Onco-Hematologista Especialidades\/\u00c1reas de Atua\u00e7\u00e3o (RQE): \u00a0 Hematologia E Hemoterapia\u00a0 (16476) Cl\u00ednica M\u00e9dica (2554)\u00a0\u00a0 \u00a0 Forma\u00e7\u00e3o Acad\u00eamica\u00a0 Gradua\u00e7\u00e3o em medicina pela Universidade Federal do Paran\u00e1.\u00a0 \u00a0 Resid\u00eancia M\u00e9dica\u00a0 Em Cl\u00ednica M\u00e9dica pela Pontif\u00edcia Universidade Cat\u00f3lica do Paran\u00e1 &#8211; PUC-PR (Hospital Santa Casa e Hospital Cajuru);\u00a0 Em Hematologia e Hemoterapia &#8211; Hospital [&hellip;]<\/p>\n","protected":false},"author":2,"featured_media":0,"parent":0,"menu_order":0,"comment_status":"closed","ping_status":"closed","template":"elementor_header_footer","meta":{"om_disable_all_campaigns":false,"_monsterinsights_skip_tracking":false,"_monsterinsights_sitenote_active":false,"_monsterinsights_sitenote_note":"","_monsterinsights_sitenote_category":0,"footnotes":""},"aioseo_notices":[],"_links":{"self":[{"href":"https:\/\/oncologia360.com.br\/index.php\/wp-json\/wp\/v2\/pages\/499"}],"collection":[{"href":"https:\/\/oncologia360.com.br\/index.php\/wp-json\/wp\/v2\/pages"}],"about":[{"href":"https:\/\/oncologia360.com.br\/index.php\/wp-json\/wp\/v2\/types\/page"}],"author":[{"embeddable":true,"href":"https:\/\/oncologia360.com.br\/index.php\/wp-json\/wp\/v2\/users\/2"}],"replies":[{"embeddable":true,"href":"https:\/\/oncologia360.com.br\/index.php\/wp-json\/wp\/v2\/comments?post=499"}],"version-history":[{"count":10,"href":"https:\/\/oncologia360.com.br\/index.php\/wp-json\/wp\/v2\/pages\/499\/revisions"}],"predecessor-version":[{"id":682,"href":"https:\/\/oncologia360.com.br\/index.php\/wp-json\/wp\/v2\/pages\/499\/revisions\/682"}],"wp:attachment":[{"href":"https:\/\/oncologia360.com.br\/index.php\/wp-json\/wp\/v2\/media?parent=499"}],"curies":[{"name":"wp","href":"https:\/\/api.w.org\/{rel}","templated":true}]}}