{"id":578,"date":"2024-01-03T15:47:53","date_gmt":"2024-01-03T18:47:53","guid":{"rendered":"https:\/\/oncologia360.com.br\/?page_id=578"},"modified":"2024-01-31T10:25:21","modified_gmt":"2024-01-31T13:25:21","slug":"dra-noelle-suemi-wassano","status":"publish","type":"page","link":"https:\/\/oncologia360.com.br\/index.php\/dra-noelle-suemi-wassano\/","title":{"rendered":"Dra. Noelle Suemi Wassano"},"content":{"rendered":"\t\t<div data-elementor-type=\"wp-page\" data-elementor-id=\"578\" class=\"elementor elementor-578\" data-elementor-post-type=\"page\">\n\t\t\t\t\t\t\t<div class=\"elementor-element elementor-element-86653f7 e-flex e-con-boxed e-con e-parent\" data-id=\"86653f7\" data-element_type=\"container\" data-settings=\"{&quot;content_width&quot;:&quot;boxed&quot;}\" data-core-v316-plus=\"true\">\n\t\t\t\t\t<div class=\"e-con-inner\">\n\t\t<div class=\"elementor-element elementor-element-c0c8087 e-flex e-con-boxed e-con e-child\" data-id=\"c0c8087\" data-element_type=\"container\" data-settings=\"{&quot;content_width&quot;:&quot;boxed&quot;}\">\n\t\t\t\t\t<div class=\"e-con-inner\">\n\t\t<div class=\"elementor-element elementor-element-d36b1cd e-con-full e-flex e-con e-child\" data-id=\"d36b1cd\" data-element_type=\"container\" data-settings=\"{&quot;content_width&quot;:&quot;full&quot;}\">\n\t\t\t\t<div class=\"elementor-element elementor-element-fa2e6dd elementor-widget elementor-widget-image\" data-id=\"fa2e6dd\" data-element_type=\"widget\" data-widget_type=\"image.default\">\n\t\t\t\t<div class=\"elementor-widget-container\">\n\t\t\t<style>\/*! elementor - v3.18.0 - 08-12-2023 *\/\n.elementor-widget-image{text-align:center}.elementor-widget-image a{display:inline-block}.elementor-widget-image a img[src$=\".svg\"]{width:48px}.elementor-widget-image img{vertical-align:middle;display:inline-block}<\/style>\t\t\t\t\t\t\t\t\t\t\t\t<img fetchpriority=\"high\" decoding=\"async\" width=\"800\" height=\"800\" src=\"https:\/\/oncologia360.com.br\/wp-content\/uploads\/2024\/01\/site-fotos-equipe-Noelle-1024x1024.png\" class=\"attachment-large size-large wp-image-664\" alt=\"\" srcset=\"https:\/\/oncologia360.com.br\/wp-content\/uploads\/2024\/01\/site-fotos-equipe-Noelle-1024x1024.png 1024w, https:\/\/oncologia360.com.br\/wp-content\/uploads\/2024\/01\/site-fotos-equipe-Noelle-300x300.png 300w, https:\/\/oncologia360.com.br\/wp-content\/uploads\/2024\/01\/site-fotos-equipe-Noelle-150x150.png 150w, https:\/\/oncologia360.com.br\/wp-content\/uploads\/2024\/01\/site-fotos-equipe-Noelle-768x768.png 768w, https:\/\/oncologia360.com.br\/wp-content\/uploads\/2024\/01\/site-fotos-equipe-Noelle.png 1068w\" sizes=\"(max-width: 800px) 100vw, 800px\" \/>\t\t\t\t\t\t\t\t\t\t\t\t\t\t\t<\/div>\n\t\t\t\t<\/div>\n\t\t\t\t<\/div>\n\t\t<div class=\"elementor-element elementor-element-e7429f9 e-con-full e-flex e-con e-child\" data-id=\"e7429f9\" data-element_type=\"container\" data-settings=\"{&quot;content_width&quot;:&quot;full&quot;,&quot;background_background&quot;:&quot;classic&quot;}\">\n\t\t<div class=\"elementor-element elementor-element-dc70d58 e-flex e-con-boxed e-con e-child\" data-id=\"dc70d58\" data-element_type=\"container\" data-settings=\"{&quot;content_width&quot;:&quot;boxed&quot;}\">\n\t\t\t\t\t<div class=\"e-con-inner\">\n\t\t\t\t<div class=\"elementor-element elementor-element-1b8b724 elementor-widget elementor-widget-heading\" data-id=\"1b8b724\" data-element_type=\"widget\" data-widget_type=\"heading.default\">\n\t\t\t\t<div class=\"elementor-widget-container\">\n\t\t\t<style>\/*! elementor - v3.18.0 - 08-12-2023 *\/\n.elementor-heading-title{padding:0;margin:0;line-height:1}.elementor-widget-heading .elementor-heading-title[class*=elementor-size-]>a{color:inherit;font-size:inherit;line-height:inherit}.elementor-widget-heading .elementor-heading-title.elementor-size-small{font-size:15px}.elementor-widget-heading .elementor-heading-title.elementor-size-medium{font-size:19px}.elementor-widget-heading .elementor-heading-title.elementor-size-large{font-size:29px}.elementor-widget-heading .elementor-heading-title.elementor-size-xl{font-size:39px}.elementor-widget-heading .elementor-heading-title.elementor-size-xxl{font-size:59px}<\/style><h2 class=\"elementor-heading-title elementor-size-default\">Dra. Noelle S. Wassano <\/h2>\t\t<\/div>\n\t\t\t\t<\/div>\n\t\t\t\t<div class=\"elementor-element elementor-element-af6a68d elementor-widget elementor-widget-heading\" data-id=\"af6a68d\" data-element_type=\"widget\" data-widget_type=\"heading.default\">\n\t\t\t\t<div class=\"elementor-widget-container\">\n\t\t\t<h2 class=\"elementor-heading-title elementor-size-default\">CRM 29580 \n<\/h2>\t\t<\/div>\n\t\t\t\t<\/div>\n\t\t\t\t<div class=\"elementor-element elementor-element-b516f60 elementor-widget elementor-widget-heading\" data-id=\"b516f60\" data-element_type=\"widget\" data-widget_type=\"heading.default\">\n\t\t\t\t<div class=\"elementor-widget-container\">\n\t\t\t<h2 class=\"elementor-heading-title elementor-size-default\">Oncologia Cl\u00ednica<\/h2>\t\t<\/div>\n\t\t\t\t<\/div>\n\t\t\t\t<div class=\"elementor-element elementor-element-b279e75 elementor-widget elementor-widget-text-editor\" data-id=\"b279e75\" data-element_type=\"widget\" data-widget_type=\"text-editor.default\">\n\t\t\t\t<div class=\"elementor-widget-container\">\n\t\t\t<style>\/*! elementor - v3.18.0 - 08-12-2023 *\/\n.elementor-widget-text-editor.elementor-drop-cap-view-stacked .elementor-drop-cap{background-color:#69727d;color:#fff}.elementor-widget-text-editor.elementor-drop-cap-view-framed .elementor-drop-cap{color:#69727d;border:3px solid;background-color:transparent}.elementor-widget-text-editor:not(.elementor-drop-cap-view-default) .elementor-drop-cap{margin-top:8px}.elementor-widget-text-editor:not(.elementor-drop-cap-view-default) .elementor-drop-cap-letter{width:1em;height:1em}.elementor-widget-text-editor .elementor-drop-cap{float:left;text-align:center;line-height:1;font-size:50px}.elementor-widget-text-editor .elementor-drop-cap-letter{display:inline-block}<\/style>\t\t\t\t<p><b>Especialidades\/\u00c1reas de Atua\u00e7\u00e3o (RQE):<\/b> <span style=\"font-weight: 400;\">\u00a0<\/span><\/p><p><span style=\"font-weight: 400;\">Cl\u00ednica M\u00e9dica (18444)\u00a0<\/span><\/p><p><span style=\"font-weight: 400;\">Oncologia Cl\u00ednica (23769)<\/span><\/p><p><span style=\"font-weight: 400;\">\u00a0\u00a0<\/span><\/p><p><b>Forma\u00e7\u00e3o Acad\u00eamica<\/b><span style=\"font-weight: 400;\">\u00a0<\/span><\/p><p><span style=\"font-weight: 400;\">Gradua\u00e7\u00e3o em medicina pela Pontif\u00edcia Universidade Cat\u00f3lica do Paran\u00e1.\u00a0<\/span><\/p><p><span style=\"font-weight: 400;\">\u00a0\u00a0<\/span><\/p><p><b>Resid\u00eancia M\u00e9dica<\/b><span style=\"font-weight: 400;\">\u00a0<\/span><\/p><p><span style=\"font-weight: 400;\">Clinica M\u00e9dica pela Pontif\u00edcia Universidade Cat\u00f3lica do Paran\u00e1;\u00a0<\/span><\/p><p><span style=\"font-weight: 400;\">Oncologia Clinica no Hospital Benefic\u00eancia Portuguesa de S\u00e3o Paulo.\u00a0\u00a0<\/span><\/p><p><span style=\"font-weight: 400;\">Est\u00e1gio em oncologia tor\u00e1cica e cabe\u00e7a e pesco\u00e7o no MD Anderson C\u00e2ncer Center (2017)\u00a0<\/span><\/p><p><span style=\"font-weight: 400;\">\u00a0<\/span><\/p><p><b>Participa\u00e7\u00e3o em Sociedades: <\/b><span style=\"font-weight: 400;\">\u00a0<\/span><\/p><p><span style=\"font-weight: 400;\">Membro do Grupo Brasileiro de Oncologia Tor\u00e1cica\u00a0\u00a0<\/span><\/p><p><span style=\"font-weight: 400;\">Membro da Sociedade Brasileira de Oncologia Cl\u00ednica\u00a0<\/span><\/p>\t\t\t\t\t\t<\/div>\n\t\t\t\t<\/div>\n\t\t\t\t\t<\/div>\n\t\t\t\t<\/div>\n\t\t\t\t<\/div>\n\t\t\t\t\t<\/div>\n\t\t\t\t<\/div>\n\t\t\t\t\t<\/div>\n\t\t\t\t<\/div>\n\t\t\t\t\t\t\t<\/div>\n\t\t","protected":false},"excerpt":{"rendered":"<p>Dra. Noelle S. Wassano CRM 29580 Oncologia Cl\u00ednica Especialidades\/\u00c1reas de Atua\u00e7\u00e3o (RQE): \u00a0 Cl\u00ednica M\u00e9dica (18444)\u00a0 Oncologia Cl\u00ednica (23769) \u00a0\u00a0 Forma\u00e7\u00e3o Acad\u00eamica\u00a0 Gradua\u00e7\u00e3o em medicina pela Pontif\u00edcia Universidade Cat\u00f3lica do Paran\u00e1.\u00a0 \u00a0\u00a0 Resid\u00eancia M\u00e9dica\u00a0 Clinica M\u00e9dica pela Pontif\u00edcia Universidade Cat\u00f3lica do Paran\u00e1;\u00a0 Oncologia Clinica no Hospital Benefic\u00eancia Portuguesa de S\u00e3o Paulo.\u00a0\u00a0 Est\u00e1gio em oncologia tor\u00e1cica [&hellip;]<\/p>\n","protected":false},"author":2,"featured_media":0,"parent":0,"menu_order":0,"comment_status":"closed","ping_status":"closed","template":"elementor_header_footer","meta":{"om_disable_all_campaigns":false,"_monsterinsights_skip_tracking":false,"_monsterinsights_sitenote_active":false,"_monsterinsights_sitenote_note":"","_monsterinsights_sitenote_category":0,"footnotes":""},"aioseo_notices":[],"_links":{"self":[{"href":"https:\/\/oncologia360.com.br\/index.php\/wp-json\/wp\/v2\/pages\/578"}],"collection":[{"href":"https:\/\/oncologia360.com.br\/index.php\/wp-json\/wp\/v2\/pages"}],"about":[{"href":"https:\/\/oncologia360.com.br\/index.php\/wp-json\/wp\/v2\/types\/page"}],"author":[{"embeddable":true,"href":"https:\/\/oncologia360.com.br\/index.php\/wp-json\/wp\/v2\/users\/2"}],"replies":[{"embeddable":true,"href":"https:\/\/oncologia360.com.br\/index.php\/wp-json\/wp\/v2\/comments?post=578"}],"version-history":[{"count":10,"href":"https:\/\/oncologia360.com.br\/index.php\/wp-json\/wp\/v2\/pages\/578\/revisions"}],"predecessor-version":[{"id":685,"href":"https:\/\/oncologia360.com.br\/index.php\/wp-json\/wp\/v2\/pages\/578\/revisions\/685"}],"wp:attachment":[{"href":"https:\/\/oncologia360.com.br\/index.php\/wp-json\/wp\/v2\/media?parent=578"}],"curies":[{"name":"wp","href":"https:\/\/api.w.org\/{rel}","templated":true}]}}